{"id":400,"date":"2024-12-10T22:01:26","date_gmt":"2024-12-10T15:01:26","guid":{"rendered":"https:\/\/dynaudiocaraudio.vn\/?post_type=product&#038;p=400"},"modified":"2025-04-15T13:56:04","modified_gmt":"2025-04-15T06:56:04","slug":"loa-canh-cua-hi-end-2-way-dynaudio-esotan-232-mkii","status":"publish","type":"product","link":"https:\/\/dynaudiocaraudio.vn\/index.php\/product\/loa-canh-cua-hi-end-2-way-dynaudio-esotan-232-mkii\/","title":{"rendered":"Loa C\u00e1nh c\u1eeda Hi-end 2-way DynAudio Esotan 232 MKii"},"content":{"rendered":"<h2>Loa c\u00e1nh c\u1eeda 2-way hi-end Dynaudio Esotan 232 MKII<\/h2>\n<p>R\u1ea5t c\u00f3 th\u1ec3 b\u1ea1n d\u00e0nh nhi\u1ec1u th\u1eddi gian ng\u1ed3i trong xe h\u01a1i v\u00e0 r\u1ea5t c\u00f3 th\u1ec3 b\u1ea1n nghe nh\u1ea1c trong khi \u0111ang l\u00e1i xe. Ch\u00fang t\u00f4i kh\u00f4ng tin r\u1eb1ng b\u1ea1n ph\u1ea3i th\u1ecfa hi\u1ec7p v\u1ec1 ch\u1ea5t l\u01b0\u1ee3ng \u00e2m thanh \u2013 \u0111\u1eb7c bi\u1ec7t l\u00e0 khi b\u1ea1n c\u00f3 th\u1ec3 d\u00e0nh nhi\u1ec1u th\u1eddi gian nghe nh\u1ea1c tr\u00ean \u0111\u01b0\u1eddng h\u01a1n l\u00e0 \u1edf nh\u00e0.<\/p>\n<p>Ch\u00fang t\u00f4i \u0111\u00e3 x\u00e2y d\u1ef1ng m\u1ed9t trung t\u00e2m nghi\u00ean c\u1ee9u v\u00e0 ph\u00e1t tri\u1ec3n \u00f4 t\u00f4 chuy\u00ean d\u1ee5ng \u0111\u1ec3 kh\u00e1m ph\u00e1 c\u00e1c c\u00f4ng ngh\u1ec7 m\u1edbi (v\u00e0 \u0111i\u1ec1u ch\u1ec9nh c\u00e1c c\u00f4ng ngh\u1ec7 \u0111\u00e3 \u0111\u01b0\u1ee3c th\u1eed nghi\u1ec7m v\u00e0 ki\u1ec3m tra c\u1ee7a ch\u00fang t\u00f4i) \u0111\u1eb7c bi\u1ec7t \u0111\u1ec3 s\u1eed d\u1ee5ng trong \u00f4 t\u00f4. \u0110i\u1ec1u \u0111\u00f3 c\u00f3 ngh\u0129a l\u00e0 b\u1ea1n c\u00f3 th\u1ec3 tr\u1ea3i nghi\u1ec7m \u00e2m thanh Dynaudio ch\u1ea5t l\u01b0\u1ee3ng h\u00e0ng \u0111\u1ea7u \u1edf b\u1ea5t c\u1ee9 \u0111\u00e2u.<\/p>\n<p>K\u1ec3 t\u1eeb cu\u1ed1i nh\u1eefng n\u0103m 1970, Dynaudio \u0111\u00e3 c\u00f3 \u1ea3nh h\u01b0\u1edfng l\u1edbn trong l\u0129nh v\u1ef1c loa cao c\u1ea5p \u2013 li\u00ean t\u1ee5c th\u00fac \u0111\u1ea9y s\u1ef1 s\u00e1ng t\u1ea1o \u0111\u1ec3 t\u1ea1o ra nh\u1eefng chi\u1ebfc loa t\u1ed1t h\u01a1n cho ph\u00f2ng kh\u00e1ch, ph\u00f2ng thu chuy\u00ean nghi\u1ec7p v\u00e0 \u00f4 t\u00f4. \u0110\u00f3 l\u00e0 l\u00fd do t\u1ea1i sao ch\u00fang t\u00f4i c\u00f3 \u0111\u1ed9i ng\u0169 R&amp;D ri\u00eang chuy\u00ean bi\u1ebfn &#8220;s\u1ef1 v\u01b0\u1ee3t tr\u1ed9i&#8221; th\u00e0nh chu\u1ea9n m\u1ef1c khi n\u00f3i \u0111\u1ebfn c\u00e1c h\u1ec7 th\u1ed1ng trong xe h\u01a1i c\u1ee7a ch\u00fang t\u00f4i. Kh\u00f4ng th\u1ec3 k\u00e9m h\u01a1n: c\u00e1c \u0111\u1ed1i t\u00e1c \u00f4 t\u00f4 c\u1ee7a ch\u00fang t\u00f4i, gi\u1ed1ng nh\u01b0 ch\u00fang t\u00f4i, kh\u00f4ng bao gi\u1edd ch\u1ec9 h\u00e0i l\u00f2ng v\u1edbi &#8220;\u0111\u01a1n gi\u1ea3n l\u00e0 t\u1ed1t&#8221;.<\/p>\n<p>Ch\u00fang t\u00f4i mu\u1ed1n b\u1ea1n c\u1ea3m th\u1ea5y th\u01b0 gi\u00e3n h\u01a1n khi b\u01b0\u1edbc ra kh\u1ecfi xe so v\u1edbi khi b\u1ea1n b\u01b0\u1edbc v\u00e0o. Ch\u00fang t\u00f4i \u0111\u00e3 k\u1ebft h\u1ee3p ki\u1ebfn \u200b\u200bth\u1ee9c thu \u0111\u01b0\u1ee3c t\u1eeb vi\u1ec7c thi\u1ebft k\u1ebf v\u00e0 s\u1ea3n xu\u1ea5t c\u00e1c h\u1ec7 th\u1ed1ng tham chi\u1ebfu g\u1ea7n tr\u01b0\u1eddng cho c\u00e1c ph\u00f2ng thu \u00e2m (n\u01a1i k\u1ef9 s\u01b0 ng\u1ed3i r\u1ea5t g\u1ea7n loa) v\u1edbi chuy\u00ean m\u00f4n c\u1ee7a ch\u00fang t\u00f4i trong vi\u1ec7c ch\u1ebf t\u1ea1o c\u00e1c loa hi- t\u1ea1i nh\u00e0 t\u1eebng \u0111o\u1ea1t gi\u1ea3i th\u01b0\u1edfng. T\u1ea1i sao l\u1ea1i l\u00e0 hai khu v\u1ef1c \u0111\u00f3? B\u1edfi v\u00ec b\u1ea1n ng\u1ed3i g\u1ea7n loa trong xe\u2026 v\u00e0 b\u1ea1n mu\u1ed1n c\u00f3 c\u00f9ng tr\u1ea3i nghi\u1ec7m \u00e2m nh\u1ea1c nh\u01b0 khi \u1edf trong ph\u00f2ng kh\u00e1ch.<\/p>\n<p>C\u00f4ng ngh\u1ec7 \u00f4 t\u00f4 ti\u00ean ti\u1ebfn c\u1ee7a Dynaudio ra \u0111\u1eddi sau nhi\u1ec1u th\u1eadp k\u1ef7 nghi\u00ean c\u1ee9u v\u00e0 ph\u00e1t tri\u1ec3n chuy\u00ean s\u00e2u k\u1ebft h\u1ee3p v\u1edbi c\u00e1c ti\u00eau chu\u1ea9n s\u1ea3n xu\u1ea5t cao &#8211; v\u00e0 t\u1ea5t nhi\u00ean l\u00e0 kh\u00f4ng ng\u1eebng theo \u0111u\u1ed5i \u00e2m nh\u1ea1c \u0111\u00edch th\u1ef1c.<\/p>\n<p>D\u00f2ng loa \u00f4 t\u00f4 Esotan c\u1ee7a ch\u00fang t\u00f4i \u0111\u01b0\u1ee3c thi\u1ebft k\u1ebf \u0111\u1eb7c bi\u1ec7t \u0111\u1ec3 c\u00f3 hi\u1ec7u su\u1ea5t t\u1ed1i \u01b0u trong xe nh\u1eb1m \u0111\u1ea3m b\u1ea3o t\u00e1i t\u1ea1o \u00e2m nh\u1ea1c trong xe ch\u00ednh x\u00e1c nh\u1ea5t c\u00f3 th\u1ec3. V\u00e0 v\u00ec ch\u00fang c\u00f3 chung DNA v\u1edbi loa gia \u0111\u00ecnh v\u00e0 loa ph\u00f2ng thu chuy\u00ean nghi\u1ec7p cao c\u1ea5p c\u1ee7a DynAudio ch\u00fang t\u00f4i, n\u00ean hi\u1ec7u su\u1ea5t c\u1ee7a ch\u00fang c\u0169ng hay nh\u01b0 c\u00e1c d\u00f2ng loa kh\u00e1c trong vi\u1ec7c kh\u00e1m ph\u00e1 th\u1ebf gi\u1edbi \u00e2m nh\u1ea1c.<\/p>\n<p>V\u1edbi loa tweeter m\u1edbi, loa tr\u1ea7m m\u1edbi, b\u1ed9 ph\u00e2n t\u1ea7n m\u1edbi \u2013 Esotan 232 MKII \u0111\u00e3 li\u00ean t\u1ee5c \u0111\u01b0\u1ee3c c\u1ea3i ti\u1ebfn \u1edf m\u1ecdi c\u1ea5p \u0111\u1ed9, t\u1eeb v\u1eadt li\u1ec7u \u0111\u1ebfn hi\u1ec7u su\u1ea5t \u00e2m thanh, kh\u1ea3 n\u0103ng x\u1eed l\u00fd c\u00f4ng su\u1ea5t v\u00e0 \u0111\u1ed9 b\u1ec1n. G\u00f3i hi\u1ec7u su\u1ea5t cao n\u00e0y l\u00e0 h\u1ec7 th\u1ed1ng 2-way bao g\u1ed3m m\u1ed9t c\u1eb7p loa tweeter MT131, loa tr\u1ea7m MF132 v\u00e0 b\u1ed9 ph\u00e2n t\u1ea7n X232 c\u00f9ng v\u1edbi t\u1ea5t c\u1ea3 ph\u1ea7n c\u1ee9ng l\u1eafp \u0111\u1eb7t.<\/p>\n<p>Loa tweeter MT131 ho\u00e0n to\u00e0n m\u1edbi \u0111\u01b0\u1ee3c thi\u1ebft k\u1ebf d\u1ea1ng Dome l\u1ee5a m\u1edbi, h\u1ec7 th\u1ed1ng nam ch\u00e2m neodymium, cu\u1ed9n l\u00f5i coil b\u1eb1ng nh\u00f4m c\u00f3 \u0111\u01b0\u1eddng k\u00ednh 28mm \u0111\u1ec3 cung c\u1ea5p \u0111\u00e1p \u1ee9ng t\u1ea7n s\u1ed1 ph\u1eb3ng h\u01a1n v\u00e0 t\u00e1i t\u1ea1o chi ti\u1ebft v\u00e0 t\u1ef1 nhi\u00ean h\u01a1n.<\/p>\n<p>Loa d\u00e0i tr\u1ea7m \u0111\u01b0\u1ee3c trang b\u1ecb m\u00e0ng loa MSP Magnesium Silicate Polymer (MSP) t\u1ed1i \u01b0u m\u1edbi, cu\u1ed9n d\u00e2y \u00e2m thanh b\u1eb1ng nh\u00f4m 65mm v\u00e0 khung b\u1eb1ng nh\u00f4m, loa tr\u1ea7m MF132 ho\u00e0n to\u00e0n m\u1edbi \u0111\u1ea1t \u0111\u01b0\u1ee3c kh\u1ea3 n\u0103ng ki\u1ec3m so\u00e1t t\u1ed1t h\u01a1n v\u00e0 \u0111\u1ed9 tuy\u1ebfn t\u00ednh cao h\u01a1n \u0111\u1ec3 mang l\u1ea1i \u00e2m thanh r\u1ea5t n\u0103ng \u0111\u1ed9ng v\u00e0 t\u1ef1 nhi\u00ean.<\/p>\n<p>X232 \u0111\u01b0\u1ee3c thi\u1ebft k\u1ebf \u0111\u1ec3 t\u00edch h\u1ee3p h\u1ec7 th\u1ed1ng \u00e2m thanh hi-fi tr\u00ean \u00f4 t\u00f4 bao g\u1ed3m m\u1ed9t c\u1eb7p loa tweeter MT131 v\u00e0 loa tr\u1ea7m MF132, v\u00e0 c\u00f3 th\u1ec3 \u0111i\u1ec1u ch\u1ec9nh m\u1ee9c loa tweeter\u00a0 \u2013 loa c\u00f3 ba m\u1ee9c loa tweeter .<\/p>\n<h2><strong>Th\u00f4ng s\u1ed1 k\u1ef9 thu\u1eadt h\u1ec7 th\u1ed1ng 2-way DynAudio Esotan 232<\/strong>\u00a0MKII<strong>:<\/strong><\/h2>\n<ul>\n<li style=\"text-align: left\">H\u1ec7 th\u1ed1ng: D\u1ea1ng 2-way<\/li>\n<li>K\u00edch th\u01b0\u1edbc loa woofer: 16.5cm (\u0111\u01b0\u1eddng k\u00ednh)<\/li>\n<li>\u0110\u1ed9 s\u00e2u l\u1eafp \u0111\u1eb7t loa woofer: 67cm \/2.4&#8243;<\/li>\n<li>D\u1ea3i t\u1ea7n h\u1ec7 th\u1ed1ng: 60Hz-20kHz<\/li>\n<li>Hi\u1ec7u ch\u1ec9nh m\u1ee9c loa tweeter: 0. -2dB, +2dB<\/li>\n<li>C\u00f4ng xu\u1ea5t h\u1ec7 th\u1ed1ng (RMS\/Max): 60w\/120w<\/li>\n<li>\u0110\u1ed9 nh\u1eady loa (dB @2.v-1m): 86dB<\/li>\n<li>Tr\u1edf kh\u00e1ng: 4 Ohm<\/li>\n<li>V\u1ecf loa Tweeter: Nh\u00f4m<\/li>\n<li>V\u1ecf loa Mid &amp; Woofer: Nh\u00f4m<\/li>\n<li>Grille: cho loa mid<\/li>\n<\/ul>\n<h2>Th\u00f4ng s\u1ed1 k\u1ef9 thu\u1eadt loa Tweeter MT131 MKII:<\/h2>\n<ul>\n<li>V\u1eadt li\u1ec7u: d\u1ea1ng dome v\u1ea3i c\u00f3 ph\u1ee7<\/li>\n<li>\u0110\u1ed9 nh\u1eady (1W\/1m): 86dB<\/li>\n<li>C\u00f4ng xu\u1ea5t ch\u1ecbu t\u1ea3i l\u00e2u d\u00e0i IEC: 20W<\/li>\n<li>Kh\u1ea3 n\u0103ng ch\u1ecbu t\u1ea3i (10 ms): 100W<\/li>\n<li>V\u1eadt li\u1ec7u v\u1ecf: Nh\u00f4m<\/li>\n<li>Tr\u1ecdng l\u01b0\u1ee3ng: 0.12kg<\/li>\n<li>Tr\u1edf kh\u00e1ng danh \u0111\u1ecbnh: 4 Ohm<\/li>\n<li>Re 3.7 Ohm<\/li>\n<li>Fs 1200Hz<\/li>\n<li>K\u00edch th\u01b0\u1edbc cu\u1ed9n t\u1eeb: 27x3mm<\/li>\n<li>\u0110\u01b0\u1eddng k\u00ednh cu\u1ed9n: 28mm<\/li>\n<li>Chi\u1ec1u cao cu\u1ed9n: 1.9mm<\/li>\n<li>D\u1ea3i t\u1ea7n: 1200Hz-20kHz<\/li>\n<\/ul>\n<h2>Th\u00f4ng s\u1ed1 k\u1ef9 thu\u1eadt loa Woofer MF132 MKII:<\/h2>\n<ul>\n<li>V\u1eadt li\u1ec7u Cone: MSP<\/li>\n<li>V\u1eadt li\u1ec7u g\u00e2n loa: SBR<\/li>\n<li>\u0110\u1ed9 nh\u00e2y: (1W\/1m) 89dB<\/li>\n<li>C\u00f4ng xu\u1ea5t ch\u1ecbu t\u1ea3i l\u00e2u d\u00e0i IEC: 60W<\/li>\n<li>Kh\u1ea3 n\u0103ng ch\u1ecbu t\u1ea3i t\u1ed1i \u0111a (10 ms): 120W<\/li>\n<li>Tr\u1ecdng l\u01b0\u1ee3ng: 1.2 kg<\/li>\n<li>Tr\u1edf kh\u00e1ng danh \u0111\u1ecbnh: 4 Ohm<\/li>\n<li>Re 3.36 Ohm<\/li>\n<li>Fs 65 Hz<\/li>\n<li>Qms 4.919<\/li>\n<li>Qes 0.833<\/li>\n<li>Qts 0.713<\/li>\n<li>Mms 12.715g<\/li>\n<li>Cms 0.388mm\/N<\/li>\n<li>Sd 116.9cm\u00b2<\/li>\n<li>Vas 7.5029l<\/li>\n<li>BL 4.976Tm<\/li>\n<li>K\u00edch th\u01b0\u1edbc cu\u1ed9n t\u1eeb: 90x60x18mm<\/li>\n<li>\u0110\u01b0\u1eddng k\u00ednh cu\u1ed9n: 30.5mm<\/li>\n<li>Chi\u1ec1u cao cu\u1ed9n: 13.2mm<\/li>\n<li>Kh\u1ea3 n\u0103ng di chuy\u1ec3n t\u1ed1i \u0111a c\u1ee7a loa: 3.8mm<\/li>\n<li>D\u1ea3i t\u1ea7n: 60Hz-4.6kHz<\/li>\n<\/ul>\n","protected":false},"excerpt":{"rendered":"<ul>\n<li>Ch\u1ea5t \u00e2m trung th\u1ef1c &amp; chi ti\u1ebft<\/li>\n<li>Ch\u1ea5t l\u01b0\u1ee3ng l\u1eafp r\u00e1p v\u01b0\u1ee3t tr\u1ed9i<\/li>\n<li>D\u1ec5 ph\u1ed1i gh\u00e9p \u00e2m-ly<\/li>\n<li>L\u1eafp \u0111\u1eb7t cho c\u00e1c d\u00f2ng xe d\u1ec5 d\u00e0ng<\/li>\n<\/ul>\n","protected":false},"featured_media":401,"comment_status":"open","ping_status":"closed","template":"","meta":{"_kadence_starter_templates_imported_post":false,"_kad_post_transparent":"default","_kad_post_title":"","_kad_post_layout":"default","_kad_post_sidebar_id":"","_kad_post_content_style":"default","_kad_post_vertical_padding":"default","_kad_post_feature":"","_kad_post_feature_position":"","_kad_post_header":false,"_kad_post_footer":false},"product_brand":[],"product_cat":[38],"product_tag":[],"class_list":{"0":"post-400","1":"product","2":"type-product","3":"status-publish","4":"has-post-thumbnail","6":"product_cat-external-types","8":"first","9":"instock","10":"shipping-taxable","11":"purchasable","12":"product-type-simple","13":"entry","14":"content-bg","15":"loop-entry"},"_links":{"self":[{"href":"https:\/\/dynaudiocaraudio.vn\/index.php\/wp-json\/wp\/v2\/product\/400","targetHints":{"allow":["GET"]}}],"collection":[{"href":"https:\/\/dynaudiocaraudio.vn\/index.php\/wp-json\/wp\/v2\/product"}],"about":[{"href":"https:\/\/dynaudiocaraudio.vn\/index.php\/wp-json\/wp\/v2\/types\/product"}],"replies":[{"embeddable":true,"href":"https:\/\/dynaudiocaraudio.vn\/index.php\/wp-json\/wp\/v2\/comments?post=400"}],"wp:featuredmedia":[{"embeddable":true,"href":"https:\/\/dynaudiocaraudio.vn\/index.php\/wp-json\/wp\/v2\/media\/401"}],"wp:attachment":[{"href":"https:\/\/dynaudiocaraudio.vn\/index.php\/wp-json\/wp\/v2\/media?parent=400"}],"wp:term":[{"taxonomy":"product_brand","embeddable":true,"href":"https:\/\/dynaudiocaraudio.vn\/index.php\/wp-json\/wp\/v2\/product_brand?post=400"},{"taxonomy":"product_cat","embeddable":true,"href":"https:\/\/dynaudiocaraudio.vn\/index.php\/wp-json\/wp\/v2\/product_cat?post=400"},{"taxonomy":"product_tag","embeddable":true,"href":"https:\/\/dynaudiocaraudio.vn\/index.php\/wp-json\/wp\/v2\/product_tag?post=400"}],"curies":[{"name":"wp","href":"https:\/\/api.w.org\/{rel}","templated":true}]}}